{"id":24051,"date":"2021-10-26T00:22:44","date_gmt":"2021-10-25T22:22:44","guid":{"rendered":"https:\/\/lafermedelatruffe.fr\/API\/?post_type=product&#038;p=24051"},"modified":"2026-02-10T21:21:27","modified_gmt":"2026-02-10T20:21:27","slug":"truffe-fraiche","status":"publish","type":"product","link":"https:\/\/lafermedelatruffe.fr\/API\/boutique\/truffe-fraiche\/","title":{"rendered":"TRUFFE FRAICHE"},"content":{"rendered":"<p>Truffe tuber melanosporum cav\u00e9e sur notre domaine de d\u00e9cembre \u00e0 fin f\u00e9vrier<br \/>\nLa taille des truffes noires sont al\u00e9atoires selon les hivers<br \/>\nNous devons parfois ajouter plusieurs poids pour respecter votre commande<\/p>\n<p>vous pouvez commander d\u00e9s maintenant pour recevoir vos truffes fraiches<\/p>\n<p>la p\u00e9riode de janvier permet de pouvoir congeler ses truffes pour les d\u00e9guster toute l ann\u00e9e<\/p>\n<p>truffe lav\u00e9e et canif\u00e9e \u00a0\u00bb garantie truffe noire melanosporum\u00a0\u00bb extra\u00a0et mise sous vide<\/p>\n<p>la truffe se conserve une dizaine de jours au frigo ferm\u00e9e ds une boite herm\u00e9tique pos\u00e9e sur sopalin<\/p>\n<p>fabriquez votre huile en mac\u00e9ration, votre beurre truff\u00e9e, votre sel ou miel au truffe<\/p>\n<p>Tarif 1200 euros le kilo<\/p>\n<p><strong>Exp\u00e9dition une fois par semaine Tous les lundi ou mardi et <span style=\"color: #ff0000;\">Fin des commandes pour No\u00ebl le 14\/12<\/span><br \/>\n<\/strong><\/p>\n<p><span style=\"color: #ff0000;\"><strong>LIVRAISON VIA CHRONOPOST OBLIGATOIRE<\/strong><\/span><\/p>\n","protected":false},"excerpt":{"rendered":"<p>Truffe tuber melanosporum<br \/>\nLa taille des truffes noires sont al\u00e9atoires selon les hivers<br \/>\nNous devons parfois ajouter plusieurs poids pour respecter votre commande<\/p>\n<p>Tarif 1200 euros le kilo<\/p>\n<p><strong>Exp\u00e9dition une fois par semaine Tous les lundi ou mardi et <span style=\"color: #ff0000;\">Fin des commandes pour No\u00ebl le 14\/12<\/span><br \/>\n<\/strong><\/p>\n<p><span style=\"color: #ff0000;\"><strong>LIVRAISON VIA CHRONOPOST OBLIGATOIRE<\/strong><\/span><\/p>\n","protected":false},"featured_media":24056,"comment_status":"open","ping_status":"closed","template":"","meta":{"ocean_post_layout":"","ocean_both_sidebars_style":"","ocean_both_sidebars_content_width":0,"ocean_both_sidebars_sidebars_width":0,"ocean_sidebar":"0","ocean_second_sidebar":"0","ocean_disable_margins":"enable","ocean_add_body_class":"","ocean_shortcode_before_top_bar":"","ocean_shortcode_after_top_bar":"","ocean_shortcode_before_header":"","ocean_shortcode_after_header":"","ocean_has_shortcode":"","ocean_shortcode_after_title":"","ocean_shortcode_before_footer_widgets":"","ocean_shortcode_after_footer_widgets":"","ocean_shortcode_before_footer_bottom":"","ocean_shortcode_after_footer_bottom":"","ocean_display_top_bar":"default","ocean_display_header":"default","ocean_header_style":"","ocean_center_header_left_menu":"0","ocean_custom_header_template":"0","ocean_custom_logo":0,"ocean_custom_retina_logo":0,"ocean_custom_logo_max_width":0,"ocean_custom_logo_tablet_max_width":0,"ocean_custom_logo_mobile_max_width":0,"ocean_custom_logo_max_height":0,"ocean_custom_logo_tablet_max_height":0,"ocean_custom_logo_mobile_max_height":0,"ocean_header_custom_menu":"0","ocean_menu_typo_font_family":"0","ocean_menu_typo_font_subset":"","ocean_menu_typo_font_size":0,"ocean_menu_typo_font_size_tablet":0,"ocean_menu_typo_font_size_mobile":0,"ocean_menu_typo_font_size_unit":"px","ocean_menu_typo_font_weight":"","ocean_menu_typo_font_weight_tablet":"","ocean_menu_typo_font_weight_mobile":"","ocean_menu_typo_transform":"","ocean_menu_typo_transform_tablet":"","ocean_menu_typo_transform_mobile":"","ocean_menu_typo_line_height":0,"ocean_menu_typo_line_height_tablet":0,"ocean_menu_typo_line_height_mobile":0,"ocean_menu_typo_line_height_unit":"","ocean_menu_typo_spacing":0,"ocean_menu_typo_spacing_tablet":0,"ocean_menu_typo_spacing_mobile":0,"ocean_menu_typo_spacing_unit":"","ocean_menu_link_color":"","ocean_menu_link_color_hover":"","ocean_menu_link_color_active":"","ocean_menu_link_background":"","ocean_menu_link_hover_background":"","ocean_menu_link_active_background":"","ocean_menu_social_links_bg":"","ocean_menu_social_hover_links_bg":"","ocean_menu_social_links_color":"","ocean_menu_social_hover_links_color":"","ocean_disable_title":"default","ocean_disable_heading":"default","ocean_post_title":"","ocean_post_subheading":"","ocean_post_title_style":"","ocean_post_title_background_color":"","ocean_post_title_background":0,"ocean_post_title_bg_image_position":"","ocean_post_title_bg_image_attachment":"","ocean_post_title_bg_image_repeat":"","ocean_post_title_bg_image_size":"","ocean_post_title_height":0,"ocean_post_title_bg_overlay":0.5,"ocean_post_title_bg_overlay_color":"","ocean_disable_breadcrumbs":"default","ocean_breadcrumbs_color":"","ocean_breadcrumbs_separator_color":"","ocean_breadcrumbs_links_color":"","ocean_breadcrumbs_links_hover_color":"","ocean_display_footer_widgets":"default","ocean_display_footer_bottom":"default","ocean_custom_footer_template":"0"},"product_cat":[18],"product_tag":[],"_links":{"self":[{"href":"https:\/\/lafermedelatruffe.fr\/API\/wp-json\/wp\/v2\/product\/24051"}],"collection":[{"href":"https:\/\/lafermedelatruffe.fr\/API\/wp-json\/wp\/v2\/product"}],"about":[{"href":"https:\/\/lafermedelatruffe.fr\/API\/wp-json\/wp\/v2\/types\/product"}],"replies":[{"embeddable":true,"href":"https:\/\/lafermedelatruffe.fr\/API\/wp-json\/wp\/v2\/comments?post=24051"}],"wp:featuredmedia":[{"embeddable":true,"href":"https:\/\/lafermedelatruffe.fr\/API\/wp-json\/wp\/v2\/media\/24056"}],"wp:attachment":[{"href":"https:\/\/lafermedelatruffe.fr\/API\/wp-json\/wp\/v2\/media?parent=24051"}],"wp:term":[{"taxonomy":"product_cat","embeddable":true,"href":"https:\/\/lafermedelatruffe.fr\/API\/wp-json\/wp\/v2\/product_cat?post=24051"},{"taxonomy":"product_tag","embeddable":true,"href":"https:\/\/lafermedelatruffe.fr\/API\/wp-json\/wp\/v2\/product_tag?post=24051"}],"curies":[{"name":"wp","href":"https:\/\/api.w.org\/{rel}","templated":true}]}}