{"id":50409,"date":"2025-11-28T10:33:37","date_gmt":"2025-11-28T09:33:37","guid":{"rendered":"https:\/\/lafermedelatruffe.fr\/API\/?post_type=product&#038;p=50409"},"modified":"2025-11-28T10:33:37","modified_gmt":"2025-11-28T09:33:37","slug":"foie-gras-mi-cuit-canard-truffe-a-10-truffe-noire-melanosporum-180g-entreprise-lotoise","status":"publish","type":"product","link":"https:\/\/lafermedelatruffe.fr\/API\/boutique\/foie-gras-mi-cuit-canard-truffe-a-10-truffe-noire-melanosporum-180g-entreprise-lotoise\/","title":{"rendered":"foie gras mi cuit canard truff\u00e9 \u00e0 10% truffe noire melanosporum 180g( entreprise lotoise)"},"content":{"rendered":"<p>nous avons entr\u00e9 des produits d un producteur de foie gras dans le sud du lot<\/p>\n<p>le patron est un amateur de truffe et l un des dernier \u00e0 proposer des produits truff\u00e9s<\/p>\n<p>le foie est en barquette rectangulaire, dlc longue<\/p>\n<p>produit congelable aussi<\/p>\n<p>&nbsp;<\/p>\n","protected":false},"excerpt":{"rendered":"<p>nous avons entr\u00e9 des produits d un producteur de foie gras dans le sud du lot le patron est un amateur de truffe et l un des dernier \u00e0 proposer des produits truff\u00e9s le foie est en barquette rectangulaire, dlc longue produit congelable aussi &nbsp;<\/p>\n","protected":false},"featured_media":50410,"comment_status":"open","ping_status":"closed","template":"","meta":{"ocean_post_layout":"","ocean_both_sidebars_style":"","ocean_both_sidebars_content_width":0,"ocean_both_sidebars_sidebars_width":0,"ocean_sidebar":"","ocean_second_sidebar":"","ocean_disable_margins":"enable","ocean_add_body_class":"","ocean_shortcode_before_top_bar":"","ocean_shortcode_after_top_bar":"","ocean_shortcode_before_header":"","ocean_shortcode_after_header":"","ocean_has_shortcode":"","ocean_shortcode_after_title":"","ocean_shortcode_before_footer_widgets":"","ocean_shortcode_after_footer_widgets":"","ocean_shortcode_before_footer_bottom":"","ocean_shortcode_after_footer_bottom":"","ocean_display_top_bar":"default","ocean_display_header":"default","ocean_header_style":"","ocean_center_header_left_menu":"","ocean_custom_header_template":"","ocean_custom_logo":0,"ocean_custom_retina_logo":0,"ocean_custom_logo_max_width":0,"ocean_custom_logo_tablet_max_width":0,"ocean_custom_logo_mobile_max_width":0,"ocean_custom_logo_max_height":0,"ocean_custom_logo_tablet_max_height":0,"ocean_custom_logo_mobile_max_height":0,"ocean_header_custom_menu":"","ocean_menu_typo_font_family":"","ocean_menu_typo_font_subset":"","ocean_menu_typo_font_size":0,"ocean_menu_typo_font_size_tablet":0,"ocean_menu_typo_font_size_mobile":0,"ocean_menu_typo_font_size_unit":"px","ocean_menu_typo_font_weight":"","ocean_menu_typo_font_weight_tablet":"","ocean_menu_typo_font_weight_mobile":"","ocean_menu_typo_transform":"","ocean_menu_typo_transform_tablet":"","ocean_menu_typo_transform_mobile":"","ocean_menu_typo_line_height":0,"ocean_menu_typo_line_height_tablet":0,"ocean_menu_typo_line_height_mobile":0,"ocean_menu_typo_line_height_unit":"","ocean_menu_typo_spacing":0,"ocean_menu_typo_spacing_tablet":0,"ocean_menu_typo_spacing_mobile":0,"ocean_menu_typo_spacing_unit":"","ocean_menu_link_color":"","ocean_menu_link_color_hover":"","ocean_menu_link_color_active":"","ocean_menu_link_background":"","ocean_menu_link_hover_background":"","ocean_menu_link_active_background":"","ocean_menu_social_links_bg":"","ocean_menu_social_hover_links_bg":"","ocean_menu_social_links_color":"","ocean_menu_social_hover_links_color":"","ocean_disable_title":"default","ocean_disable_heading":"default","ocean_post_title":"","ocean_post_subheading":"","ocean_post_title_style":"","ocean_post_title_background_color":"","ocean_post_title_background":0,"ocean_post_title_bg_image_position":"","ocean_post_title_bg_image_attachment":"","ocean_post_title_bg_image_repeat":"","ocean_post_title_bg_image_size":"","ocean_post_title_height":0,"ocean_post_title_bg_overlay":0.5,"ocean_post_title_bg_overlay_color":"","ocean_disable_breadcrumbs":"default","ocean_breadcrumbs_color":"","ocean_breadcrumbs_separator_color":"","ocean_breadcrumbs_links_color":"","ocean_breadcrumbs_links_hover_color":"","ocean_display_footer_widgets":"default","ocean_display_footer_bottom":"default","ocean_custom_footer_template":""},"product_cat":[],"product_tag":[],"_links":{"self":[{"href":"https:\/\/lafermedelatruffe.fr\/API\/wp-json\/wp\/v2\/product\/50409"}],"collection":[{"href":"https:\/\/lafermedelatruffe.fr\/API\/wp-json\/wp\/v2\/product"}],"about":[{"href":"https:\/\/lafermedelatruffe.fr\/API\/wp-json\/wp\/v2\/types\/product"}],"replies":[{"embeddable":true,"href":"https:\/\/lafermedelatruffe.fr\/API\/wp-json\/wp\/v2\/comments?post=50409"}],"wp:featuredmedia":[{"embeddable":true,"href":"https:\/\/lafermedelatruffe.fr\/API\/wp-json\/wp\/v2\/media\/50410"}],"wp:attachment":[{"href":"https:\/\/lafermedelatruffe.fr\/API\/wp-json\/wp\/v2\/media?parent=50409"}],"wp:term":[{"taxonomy":"product_cat","embeddable":true,"href":"https:\/\/lafermedelatruffe.fr\/API\/wp-json\/wp\/v2\/product_cat?post=50409"},{"taxonomy":"product_tag","embeddable":true,"href":"https:\/\/lafermedelatruffe.fr\/API\/wp-json\/wp\/v2\/product_tag?post=50409"}],"curies":[{"name":"wp","href":"https:\/\/api.w.org\/{rel}","templated":true}]}}